{"id":37638,"date":"2025-03-07T13:04:59","date_gmt":"2025-03-07T12:04:59","guid":{"rendered":"https:\/\/www.foodbyteb.org\/politica-de-cookies\/"},"modified":"2025-04-02T17:22:47","modified_gmt":"2025-04-02T15:22:47","slug":"politique-de-cookies","status":"publish","type":"page","link":"https:\/\/www.foodbyteb.org\/fr\/politique-de-cookies\/","title":{"rendered":"Politique de cookies"},"content":{"rendered":"\n\t\t<div id=\"fws_69d05bdf11572\"  data-column-margin=\"30px\" data-midnight=\"dark\"  class=\"wpb_row vc_row-fluid vc_row div100-50 bottom_margin_phone_0px\"  style=\"padding-top: 100px; padding-bottom: 50px; \"><div class=\"row-bg-wrap\" data-bg-animation=\"none\" data-bg-animation-delay=\"\" data-bg-overlay=\"false\"><div class=\"inner-wrap row-bg-layer\" ><div class=\"row-bg viewport-desktop\"  style=\"\"><\/div><\/div><\/div><div class=\"row_col_wrap_12 col span_12 dark left\">\n\t<div  class=\"vc_col-sm-6 wpb_column column_container vc_column_container col no-extra-padding inherit_tablet inherit_phone \"  data-padding-pos=\"all\" data-has-bg-color=\"false\" data-bg-color=\"\" data-bg-opacity=\"1\" data-animation=\"\" data-delay=\"0\" >\n\t\t<div class=\"vc_column-inner\" >\n\t\t\t<div class=\"wpb_wrapper\">\n\t\t\t\t\n<div class=\"wpb_text_column wpb_content_element \" >\n\t<div class=\"wpb_wrapper\">\n\t\t<p>En cumplimiento con lo que se establece en la Ley 34\/2002 de 11 de Julio, de Servicios de la Sociedad de la Informaci\u00f3n y el Comercio Electr\u00f3nico (LSSICE), se informa de los siguientes aspectos legales:<br \/>\nResponsable:<br \/>\nGRUPO COOPERATIVO TEB (TALLER ESCUELA BARCELONA SCCL)<br \/>\nDirecci\u00f3n: C\/ Fernando Pessoa 54-64<br \/>\n08030, Barcelona<br \/>\nTel\u00e9fono: 93 360 03 87<br \/>\nEmail: teb@teb.org<br \/>\nP\u00e1gina web: https:\/\/teb.org<\/p>\n<h4>Informaci\u00f3n y terminolog\u00eda<\/h4>\n<p>Las cookies son archivos peque\u00f1os que las p\u00e1ginas web, tiendas online, intranets, plataformas online o similares, se almacenan en el navegador del usuario que las visita y resultan necesarios para aportar a la navegaci\u00f3n web innumerables ventajas en la prestaci\u00f3n de servicios interactivos. siguiente informaci\u00f3n de los tipos posibles de cookies ayuda a comprender mejor las funciones que hacen posible:<\/p>\n<h4>Cookies de sesi\u00f3n:<\/h4>\n<p>Son cookies temporales que permanecen en el espacio de cookies de su equipo hasta que cierra el navegador, por lo que ninguna queda registrada en el disco del usuario. La informaci\u00f3n obtenida por medio de estas cookies sirven para hacer posible la gesti\u00f3n operativa con cada uno de los usuarios que est\u00e1 accediendo de forma simult\u00e1nea en la web.<\/p>\n<h4>Cookies persistentes:<\/h4>\n<p>Son cookies que permanecen almacenadas en el espacio de las cookies de su equipo una vez cerrado el navegador, y que volver\u00e1 a consultar esta p\u00e1gina web la pr\u00f3xima vez que acceda a ella para recordar informaci\u00f3n que facilite la navegaci\u00f3n (acceder directamente al servicio sin necesidad de realizar el proceso de conexi\u00f3n) o la prestaci\u00f3n de un servicio comercial (ofrecer aquellos productos o servicios relacionados con anteriores visitas). Las cookies intercambiadas al navegar por una p\u00e1gina web pueden ser:<\/p>\n<h4>Cookies de origen o propias:<\/h4>\n<p>Son cookies generadas por la propia p\u00e1gina web que se est\u00e1 visitando.<\/p>\n<h4>Cookies de terceros:<\/h4>\n<p>Son cookies que se reciben en navegar por esta p\u00e1gina web, pero que han sido generadas por un tercer servicio que se encuentra alojado en ella. Un ejemplo puede ser la cookie utilizada para un anuncio o banner de publicidad que se encuentra en la p\u00e1gina web que visitamos. Otro puede ser la cookie utilizada por un contador de visitantes contratado por la p\u00e1gina web que visitemos. Las cookies pueden ser usadas para:<\/p>\n<h4>Hasta t\u00e9cnicos:<\/h4>\n<p>Son los llamamientos tambi\u00e9n \u00ab\u00a0estrictamente necesarios\u00a0\u00bb. Permiten al usuario la navegaci\u00f3n a trav\u00e9s de una p\u00e1gina web, plataforma o aplicaci\u00f3n y la utilizaci\u00f3n de las diferentes opciones o servicios que en ella existan como, por ejemplo, controlar el tr\u00e1fico y la comunicaci\u00f3n de datos, identificar la sesi\u00f3n, acceder a partes de acceso restringido, recordar los elementos que integran un pedido, realizar el proceso de compra de un pedido, realizar la solicitud de inscripci\u00f3n o participaci\u00f3n en un evento, utilizar elementos de seguridad durante la navegaci\u00f3n, almacenar contenidos para la difusi\u00f3n de v\u00eddeos o sonido o compartir contenidos a trav\u00e9s de redes sociales.<\/p>\n<h4>Personalizaci\u00f3n:<\/h4>\n<p>Hacen posible que cada usuario pueda configurar aspectos como el lenguaje en el que desea ver la p\u00e1gina web, formatos de visualizaci\u00f3n, etc.<\/p>\n\t<\/div>\n<\/div>\n\n\n\n\n\t\t\t<\/div> \n\t\t<\/div>\n\t<\/div> \n\n\t<div  class=\"vc_col-sm-6 wpb_column column_container vc_column_container col no-extra-padding inherit_tablet inherit_phone \"  data-padding-pos=\"all\" data-has-bg-color=\"false\" data-bg-color=\"\" data-bg-opacity=\"1\" data-animation=\"\" data-delay=\"0\" >\n\t\t<div class=\"vc_column-inner\" >\n\t\t\t<div class=\"wpb_wrapper\">\n\t\t\t\t\n<div class=\"wpb_text_column wpb_content_element \" >\n\t<div class=\"wpb_wrapper\">\n\t\t<h4>An\u00e1lisis o rendimiento:<\/h4>\n<p>Permiten medir el n\u00famero de visitas y criterios de navegaci\u00f3n de diferentes \u00e1reas de la web, aplicaci\u00f3n o plataforma y nos permite elaborar perfiles de navegaci\u00f3n de los usuarios de estos sitios, aplicaciones y plataformas, para introducir mejoras en funci\u00f3n del an\u00e1lisis de las datos de uso recogidos que hacen los usuarios del servicio.<\/p>\n<h4>Publicidad:<\/h4>\n<p>Permiten implementar par\u00e1metros de eficiencia en la publicidad ofrecida en las p\u00e1ginas web.<\/p>\n<h4>Publicidad comportamental:<\/h4>\n<p>Permiten implementar par\u00e1metros de eficiencia en la publicidad ofrecida en las p\u00e1ginas web, basados \u200b\u200ben informaci\u00f3n sobre el comportamiento de los usuarios obtenido a trav\u00e9s de la observaci\u00f3n continuada de sus h\u00e1bitos de navegaci\u00f3n, lo que permite desarrollar un perfil espec\u00edfico para mostrar publicidad en funci\u00f3n del mismo.<\/p>\n<h4>Detalle de Cookies utilizadas<\/h4>\n<p>El sitio web del TEB utiliza cookies para el correcto funcionamiento y visualizaci\u00f3n de los sitios web por parte del usuario, as\u00ed como la recogida de estad\u00edsticas.<\/p>\n<h4>Servicios de terceros<\/h4>\n<p>Adicionalmente, TEB tiene presencia en portales y servicios de terceros para los que, si desea conocer las condiciones de privacidad y uso de cookies, deben consultarse las pol\u00edticas proporcionadas por \u00e9stos: Facebook: https:\/\/es-es.facebook. com\/help\/cookies Twitter: https:\/\/twitter.com\/privacy Youtube: https:\/\/www.google.es\/intl\/es\/policies\/technologies\/cookies\/ Linkedin: http:\/\/www.linkedin.com\/ legal\/privacy-policy Google+: https:\/\/www.google.es\/intl\/es\/policies\/technologies\/cookies\/ Instagram: https:\/\/www.facebook.com\/policies\/cookies\/<\/p>\n<h4>Aceptaci\u00f3n de la pol\u00edtica de Cookies<\/h4>\n<p>El TEB muestra informaci\u00f3n sobre su Pol\u00edtica de Cookies en la parte inferior de cualquier p\u00e1gina del sitio web con cada inicio de sesi\u00f3n a fin de que usted sea consciente de ello. Ante esta informaci\u00f3n es posible llevar a cabo las siguientes acciones: Aceptar las cookies: No se volver\u00e1 a visualizar este aviso al acceder a cualquier p\u00e1gina del portal durante la presente sesi\u00f3n Modificar la configuraci\u00f3n: Podr\u00e1 obtener m\u00e1s informaci\u00f3n sobre c\u00f3mo son las cookies, conocer la Pol\u00edtica de Cookies de TEB y modificar la configuraci\u00f3n de su navegador para restringir o bloquear las cookies de TEB en cualquier momento. En caso de restringir o bloquear las cookies puede ver reducidas las funcionalidades de la web. Continuar navegando o mover por la barra de desplazamiento: En este caso consideramos que acepta su uso. C\u00f3mo modificar la configuraci\u00f3n de las Cookies Usted puede restringir, bloquear o borrar las cookies de TEB o cualquier otra p\u00e1gina web, utilizando su navegador. En cada navegador la operativa es diferente, la funci\u00f3n de \u201cAyuda\u201d le mostrar\u00e1 c\u00f3mo hacerlo: Internet Explorer: https:\/\/support.microsoft.com\/es-es\/help\/17442\/windows-internet-explorer-delete -manage-cookies#ie= Firefox: https:\/\/support.mozilla.org\/es\/kb\/borrar%20cookies Chrome: support.google.com\/chrome\/answer\/95647?hl=\u201des \u201d Safari: www.apple .com\/es\/privacy\/use-of-cookies\/ Adem\u00e1s, tambi\u00e9n puede gestionar el almac\u00e9n de cookies en su navegador a trav\u00e9s de herramientas como las siguientes: Ghostery: www.ghostery.com\/ Your online choices: www .youronlinechoices.com\/es\/<\/p>\n\t<\/div>\n<\/div>\n\n\n\n\n\t\t\t<\/div> \n\t\t<\/div>\n\t<\/div> \n<\/div><\/div>\n","protected":false},"excerpt":{"rendered":"En cumplimiento con lo que se establece en la Ley 34\/2002 de 11 de Julio, de Servicios de la Sociedad de la Informaci\u00f3n y el Comercio Electr\u00f3nico (LSSICE), se informa de los siguientes aspectos legales: Responsable: GRUPO COOPERATIVO TEB (TALLER ESCUELA BARCELONA SCCL) Direcci\u00f3n: C\/...","protected":false},"author":1,"featured_media":0,"parent":0,"menu_order":300,"comment_status":"closed","ping_status":"closed","template":"","meta":{"footnotes":""},"class_list":["post-37638","page","type-page","status-publish"],"yoast_head":"<!-- This site is optimized with the Yoast SEO plugin v26.0 - https:\/\/yoast.com\/wordpress\/plugins\/seo\/ -->\n<title>Politique de cookies - Food by TEB<\/title>\n<meta name=\"robots\" content=\"index, follow, max-snippet:-1, max-image-preview:large, max-video-preview:-1\" \/>\n<link rel=\"canonical\" href=\"https:\/\/www.foodbyteb.org\/fr\/politique-de-cookies\/\" \/>\n<meta property=\"og:locale\" content=\"fr_FR\" \/>\n<meta property=\"og:type\" content=\"article\" \/>\n<meta property=\"og:title\" content=\"Politique de cookies - Food by TEB\" \/>\n<meta property=\"og:url\" content=\"https:\/\/www.foodbyteb.org\/fr\/politique-de-cookies\/\" \/>\n<meta property=\"og:site_name\" content=\"Food by TEB\" \/>\n<meta property=\"article:publisher\" content=\"https:\/\/www.facebook.com\/andmore4you\" \/>\n<meta property=\"article:modified_time\" content=\"2025-04-02T15:22:47+00:00\" \/>\n<meta name=\"twitter:card\" content=\"summary_large_image\" \/>\n<meta name=\"twitter:label1\" content=\"Dur\u00e9e de lecture estim\u00e9e\" \/>\n\t<meta name=\"twitter:data1\" content=\"5 minutes\" \/>\n<script type=\"application\/ld+json\" class=\"yoast-schema-graph\">{\"@context\":\"https:\/\/schema.org\",\"@graph\":[{\"@type\":\"WebPage\",\"@id\":\"https:\/\/www.foodbyteb.org\/fr\/politique-de-cookies\/\",\"url\":\"https:\/\/www.foodbyteb.org\/fr\/politique-de-cookies\/\",\"name\":\"Politique de cookies - Food by TEB\",\"isPartOf\":{\"@id\":\"https:\/\/www.foodbyteb.org\/fr\/#website\"},\"datePublished\":\"2025-03-07T12:04:59+00:00\",\"dateModified\":\"2025-04-02T15:22:47+00:00\",\"breadcrumb\":{\"@id\":\"https:\/\/www.foodbyteb.org\/fr\/politique-de-cookies\/#breadcrumb\"},\"inLanguage\":\"fr-FR\",\"potentialAction\":[{\"@type\":\"ReadAction\",\"target\":[\"https:\/\/www.foodbyteb.org\/fr\/politique-de-cookies\/\"]}]},{\"@type\":\"BreadcrumbList\",\"@id\":\"https:\/\/www.foodbyteb.org\/fr\/politique-de-cookies\/#breadcrumb\",\"itemListElement\":[{\"@type\":\"ListItem\",\"position\":1,\"name\":\"Portada\",\"item\":\"https:\/\/www.foodbyteb.org\/fr\/\"},{\"@type\":\"ListItem\",\"position\":2,\"name\":\"Politique de cookies\"}]},{\"@type\":\"WebSite\",\"@id\":\"https:\/\/www.foodbyteb.org\/fr\/#website\",\"url\":\"https:\/\/www.foodbyteb.org\/fr\/\",\"name\":\"Manolo's Food\",\"description\":\"\",\"publisher\":{\"@id\":\"https:\/\/www.foodbyteb.org\/fr\/#organization\"},\"potentialAction\":[{\"@type\":\"SearchAction\",\"target\":{\"@type\":\"EntryPoint\",\"urlTemplate\":\"https:\/\/www.foodbyteb.org\/fr\/?s={search_term_string}\"},\"query-input\":{\"@type\":\"PropertyValueSpecification\",\"valueRequired\":true,\"valueName\":\"search_term_string\"}}],\"inLanguage\":\"fr-FR\"},{\"@type\":\"Organization\",\"@id\":\"https:\/\/www.foodbyteb.org\/fr\/#organization\",\"name\":\"Manolo's Food\",\"url\":\"https:\/\/www.foodbyteb.org\/fr\/\",\"logo\":{\"@type\":\"ImageObject\",\"inLanguage\":\"fr-FR\",\"@id\":\"https:\/\/www.foodbyteb.org\/fr\/#\/schema\/logo\/image\/\",\"url\":\"https:\/\/www.foodbyteb.org\/wp-content\/uploads\/2023\/07\/logo-manolo.png\",\"contentUrl\":\"https:\/\/www.foodbyteb.org\/wp-content\/uploads\/2023\/07\/logo-manolo.png\",\"width\":287,\"height\":175,\"caption\":\"Manolo's Food\"},\"image\":{\"@id\":\"https:\/\/www.foodbyteb.org\/fr\/#\/schema\/logo\/image\/\"},\"sameAs\":[\"https:\/\/www.facebook.com\/andmore4you\",\"https:\/\/www.youtube.com\/andmore4you\"]}]}<\/script>\n<!-- \/ Yoast SEO plugin. -->","yoast_head_json":{"title":"Politique de cookies - Food by TEB","robots":{"index":"index","follow":"follow","max-snippet":"max-snippet:-1","max-image-preview":"max-image-preview:large","max-video-preview":"max-video-preview:-1"},"canonical":"https:\/\/www.foodbyteb.org\/fr\/politique-de-cookies\/","og_locale":"fr_FR","og_type":"article","og_title":"Politique de cookies - Food by TEB","og_url":"https:\/\/www.foodbyteb.org\/fr\/politique-de-cookies\/","og_site_name":"Food by TEB","article_publisher":"https:\/\/www.facebook.com\/andmore4you","article_modified_time":"2025-04-02T15:22:47+00:00","twitter_card":"summary_large_image","twitter_misc":{"Dur\u00e9e de lecture estim\u00e9e":"5 minutes"},"schema":{"@context":"https:\/\/schema.org","@graph":[{"@type":"WebPage","@id":"https:\/\/www.foodbyteb.org\/fr\/politique-de-cookies\/","url":"https:\/\/www.foodbyteb.org\/fr\/politique-de-cookies\/","name":"Politique de cookies - Food by TEB","isPartOf":{"@id":"https:\/\/www.foodbyteb.org\/fr\/#website"},"datePublished":"2025-03-07T12:04:59+00:00","dateModified":"2025-04-02T15:22:47+00:00","breadcrumb":{"@id":"https:\/\/www.foodbyteb.org\/fr\/politique-de-cookies\/#breadcrumb"},"inLanguage":"fr-FR","potentialAction":[{"@type":"ReadAction","target":["https:\/\/www.foodbyteb.org\/fr\/politique-de-cookies\/"]}]},{"@type":"BreadcrumbList","@id":"https:\/\/www.foodbyteb.org\/fr\/politique-de-cookies\/#breadcrumb","itemListElement":[{"@type":"ListItem","position":1,"name":"Portada","item":"https:\/\/www.foodbyteb.org\/fr\/"},{"@type":"ListItem","position":2,"name":"Politique de cookies"}]},{"@type":"WebSite","@id":"https:\/\/www.foodbyteb.org\/fr\/#website","url":"https:\/\/www.foodbyteb.org\/fr\/","name":"Manolo's Food","description":"","publisher":{"@id":"https:\/\/www.foodbyteb.org\/fr\/#organization"},"potentialAction":[{"@type":"SearchAction","target":{"@type":"EntryPoint","urlTemplate":"https:\/\/www.foodbyteb.org\/fr\/?s={search_term_string}"},"query-input":{"@type":"PropertyValueSpecification","valueRequired":true,"valueName":"search_term_string"}}],"inLanguage":"fr-FR"},{"@type":"Organization","@id":"https:\/\/www.foodbyteb.org\/fr\/#organization","name":"Manolo's Food","url":"https:\/\/www.foodbyteb.org\/fr\/","logo":{"@type":"ImageObject","inLanguage":"fr-FR","@id":"https:\/\/www.foodbyteb.org\/fr\/#\/schema\/logo\/image\/","url":"https:\/\/www.foodbyteb.org\/wp-content\/uploads\/2023\/07\/logo-manolo.png","contentUrl":"https:\/\/www.foodbyteb.org\/wp-content\/uploads\/2023\/07\/logo-manolo.png","width":287,"height":175,"caption":"Manolo's Food"},"image":{"@id":"https:\/\/www.foodbyteb.org\/fr\/#\/schema\/logo\/image\/"},"sameAs":["https:\/\/www.facebook.com\/andmore4you","https:\/\/www.youtube.com\/andmore4you"]}]}},"_links":{"self":[{"href":"https:\/\/www.foodbyteb.org\/fr\/wp-json\/wp\/v2\/pages\/37638","targetHints":{"allow":["GET"]}}],"collection":[{"href":"https:\/\/www.foodbyteb.org\/fr\/wp-json\/wp\/v2\/pages"}],"about":[{"href":"https:\/\/www.foodbyteb.org\/fr\/wp-json\/wp\/v2\/types\/page"}],"author":[{"embeddable":true,"href":"https:\/\/www.foodbyteb.org\/fr\/wp-json\/wp\/v2\/users\/1"}],"replies":[{"embeddable":true,"href":"https:\/\/www.foodbyteb.org\/fr\/wp-json\/wp\/v2\/comments?post=37638"}],"version-history":[{"count":2,"href":"https:\/\/www.foodbyteb.org\/fr\/wp-json\/wp\/v2\/pages\/37638\/revisions"}],"predecessor-version":[{"id":37858,"href":"https:\/\/www.foodbyteb.org\/fr\/wp-json\/wp\/v2\/pages\/37638\/revisions\/37858"}],"wp:attachment":[{"href":"https:\/\/www.foodbyteb.org\/fr\/wp-json\/wp\/v2\/media?parent=37638"}],"curies":[{"name":"wp","href":"https:\/\/api.w.org\/{rel}","templated":true}]}}